{"id":14,"date":"2020-03-31T14:13:52","date_gmt":"2020-03-31T12:13:52","guid":{"rendered":"http:\/\/lgwestt.cluster024.hosting.ovh.net\/?page_id=14"},"modified":"2023-01-31T12:42:24","modified_gmt":"2023-01-31T11:42:24","slug":"about","status":"publish","type":"page","link":"https:\/\/www.lgwestpictures.com\/index.php\/about\/","title":{"rendered":"About"},"content":{"rendered":"<div class=\"one withsmallpadding ppb_header \" style=\"text-align: left; padding: 30px 0 30px 0;\">\n<div class=\"overlay_background\" style=\"background: rgba(0,0,0,1);\"><\/div>\n<div class=\"standard_wrapper\">\n<div class=\"page_content_wrapper\">\n<div class=\"inner\">\n<div style=\"margin: auto; width: 100%;\">\n<h2 class=\"ppb_title\">An eye in the sky<\/h2>\n<\/div>\n<\/div>\n<\/div>\n<\/div>\n<\/div>\n<div class=\"one\">\n<div class=\"one_half_bg textright\" style=\"padding: 0px;\">\n<h2 class=\"ppb_title\"><span style=\"color: #ffffff;\">Guillaume Lomprez<\/span><\/h2>\n<div class=\"ppb_header_content\">\n<p>Plus de vingt ann\u00e9es d\u2019experience en tant que chef-op\u00e9rateur. Sp\u00e9cialis\u00e9 dans la mise en images de films publicitaires pour l\u2019automobile. Prise de vues en studio ou en ext\u00e9rieur exigeant des moyens techniques sp\u00e9cifiques.<\/p>\n<p>More than twenty years as Dop, with a big experience in cars shooting, both studio and outdoor with specific equipments.<\/p>\n<p><a href=\"http:\/\/www.guillaumelomprez.com\">http:\/\/www.guillaumelomprez.com<\/a><\/p>\n<\/div>\n<\/div>\n<div class=\"one_half_bg\"><\/div>\n<\/div>\n<div class=\"one\">\n<div class=\"one_half_bg textright\" style=\"padding: 0px;\">\n<h2 class=\"ppb_title\"><span style=\"color: #ffffff;\">Kevin Lomprez<\/span><\/h2>\n<div class=\"ppb_header_content\">\n<p>Initialement assistant cam\u00e9ra, il est maintenant sp\u00e9cialiste des prises de vues a\u00e9riennes pour la publicit\u00e9, les courts m\u00e9trages, les clips et \u00a0les documentaires.<\/p>\n<p>He began as a camera assistant, and became aerial shot specialist for commercials, shorts, videoclips, and documentaries.<\/p>\n<p><a href=\"https:\/\/kevinlomprez.wixsite.com\/drone\">https:\/\/kevinlomprez.wixsite.com\/drone<\/a><\/p>\n<\/div>\n<\/div>\n<div class=\"one_half_bg\"><\/div>\n<\/div>\n<div class=\"one withsmallpadding ppb_header \" style=\"text-align: left; padding: 30px 0 30px 0;\">\n<div class=\"standard_wrapper\">\n<div class=\"page_content_wrapper\">\n<div class=\"inner\">\n<div style=\"margin: auto; width: 100%;\">\n<div class=\"ppb_header_content\">\n<p><img loading=\"lazy\" decoding=\"async\" class=\"alignnone wp-image-158\" src=\"http:\/\/lgwestt.cluster024.hosting.ovh.net\/wp-content\/uploads\/2020\/04\/peugeot.jpg\" alt=\"\" width=\"140\" height=\"130\" \/> <img loading=\"lazy\" decoding=\"async\" class=\"alignnone wp-image-157\" src=\"http:\/\/lgwestt.cluster024.hosting.ovh.net\/wp-content\/uploads\/2020\/04\/Citroen.jpg\" alt=\"\" width=\"135\" height=\"130\" \/> <img loading=\"lazy\" decoding=\"async\" class=\"alignnone wp-image-156\" src=\"http:\/\/lgwestt.cluster024.hosting.ovh.net\/wp-content\/uploads\/2020\/04\/DS-300x168.png\" alt=\"\" width=\"232\" height=\"130\" \/> <img loading=\"lazy\" decoding=\"async\" class=\"alignnone wp-image-155\" src=\"http:\/\/lgwestt.cluster024.hosting.ovh.net\/wp-content\/uploads\/2020\/04\/Nissan-1.jpg\" alt=\"\" width=\"151\" height=\"130\" \/> <img loading=\"lazy\" decoding=\"async\" class=\"alignnone wp-image-128\" src=\"http:\/\/lgwestt.cluster024.hosting.ovh.net\/wp-content\/uploads\/2020\/04\/prodigious-300x150.png\" alt=\"\" width=\"260\" height=\"130\" \/><img loading=\"lazy\" decoding=\"async\" class=\"alignnone wp-image-129\" src=\"http:\/\/lgwestt.cluster024.hosting.ovh.net\/wp-content\/uploads\/2020\/04\/publicis.png\" alt=\"\" width=\"147\" height=\"130\" \/> <img loading=\"lazy\" decoding=\"async\" class=\"alignnone wp-image-123\" src=\"http:\/\/lgwestt.cluster024.hosting.ovh.net\/wp-content\/uploads\/2020\/04\/contentfactory-300x139.png\" alt=\"\" width=\"280\" height=\"130\" \/><img loading=\"lazy\" decoding=\"async\" class=\"alignnone wp-image-124\" src=\"http:\/\/lgwestt.cluster024.hosting.ovh.net\/wp-content\/uploads\/2020\/04\/continental.jpg\" alt=\"\" width=\"130\" height=\"130\" \/> <img loading=\"lazy\" decoding=\"async\" class=\"alignnone wp-image-130\" src=\"http:\/\/lgwestt.cluster024.hosting.ovh.net\/wp-content\/uploads\/2020\/04\/911.jpg\" alt=\"\" width=\"118\" height=\"130\" \/> <img loading=\"lazy\" decoding=\"async\" class=\"alignnone wp-image-131\" src=\"http:\/\/lgwestt.cluster024.hosting.ovh.net\/wp-content\/uploads\/2020\/04\/communeimage.jpg\" alt=\"\" width=\"130\" height=\"130\" \/> <img loading=\"lazy\" decoding=\"async\" class=\"alignnone wp-image-133\" src=\"http:\/\/lgwestt.cluster024.hosting.ovh.net\/wp-content\/uploads\/2020\/04\/phosphene.png\" alt=\"\" width=\"209\" height=\"130\" \/><img loading=\"lazy\" decoding=\"async\" class=\"alignnone wp-image-183\" src=\"http:\/\/lgwestt.cluster024.hosting.ovh.net\/wp-content\/uploads\/2020\/04\/contisud-300x96.png\" alt=\"\" width=\"403\" height=\"129\" \/><\/p>\n<\/div>\n<\/div>\n<\/div>\n<\/div>\n<\/div>\n<\/div>\n","protected":false},"excerpt":{"rendered":"<p>An eye in the sky Guillaume Lomprez Plus de vingt ann\u00e9es d\u2019experience en tant que chef-op\u00e9rateur. Sp\u00e9cialis\u00e9 dans la mise en images de films publicitaires pour l\u2019automobile. Prise de vues en studio ou en ext\u00e9rieur exigeant des moyens techniques sp\u00e9cifiques. [&hellip;]<\/p>\n","protected":false},"author":1,"featured_media":0,"parent":0,"menu_order":0,"comment_status":"closed","ping_status":"closed","template":"","meta":{"footnotes":""},"class_list":["post-14","page","type-page","status-publish","hentry"],"_links":{"self":[{"href":"https:\/\/www.lgwestpictures.com\/index.php\/wp-json\/wp\/v2\/pages\/14","targetHints":{"allow":["GET"]}}],"collection":[{"href":"https:\/\/www.lgwestpictures.com\/index.php\/wp-json\/wp\/v2\/pages"}],"about":[{"href":"https:\/\/www.lgwestpictures.com\/index.php\/wp-json\/wp\/v2\/types\/page"}],"author":[{"embeddable":true,"href":"https:\/\/www.lgwestpictures.com\/index.php\/wp-json\/wp\/v2\/users\/1"}],"replies":[{"embeddable":true,"href":"https:\/\/www.lgwestpictures.com\/index.php\/wp-json\/wp\/v2\/comments?post=14"}],"version-history":[{"count":134,"href":"https:\/\/www.lgwestpictures.com\/index.php\/wp-json\/wp\/v2\/pages\/14\/revisions"}],"predecessor-version":[{"id":283,"href":"https:\/\/www.lgwestpictures.com\/index.php\/wp-json\/wp\/v2\/pages\/14\/revisions\/283"}],"wp:attachment":[{"href":"https:\/\/www.lgwestpictures.com\/index.php\/wp-json\/wp\/v2\/media?parent=14"}],"curies":[{"name":"wp","href":"https:\/\/api.w.org\/{rel}","templated":true}]}}